{"id":74,"date":"2024-04-25T10:36:19","date_gmt":"2024-04-25T08:36:19","guid":{"rendered":"http:\/\/sr-travel.kroenung-web.de\/?page_id=74"},"modified":"2025-07-21T13:52:10","modified_gmt":"2025-07-21T11:52:10","slug":"impressum","status":"publish","type":"page","link":"https:\/\/www.srt-international.es\/es\/impressum\/","title":{"rendered":"Impressum"},"content":{"rendered":"\t\t<div data-elementor-type=\"wp-page\" data-elementor-id=\"74\" class=\"elementor elementor-74\" data-elementor-post-type=\"page\">\n\t\t\t\t<div data-particle_enable=\"false\" data-particle-mobile-disabled=\"false\" class=\"elementor-element elementor-element-e56d593 e-con-full e-flex e-con e-parent\" data-id=\"e56d593\" data-element_type=\"container\" data-e-type=\"container\" data-settings=\"{&quot;background_background&quot;:&quot;classic&quot;}\">\n\t\t<div data-particle_enable=\"false\" data-particle-mobile-disabled=\"false\" class=\"elementor-element elementor-element-1e2d631 e-con-full e-flex e-con e-child\" data-id=\"1e2d631\" data-element_type=\"container\" data-e-type=\"container\">\n\t\t\t\t<div class=\"elementor-element elementor-element-d999351 elementor-widget elementor-widget-heading\" data-id=\"d999351\" data-element_type=\"widget\" data-e-type=\"widget\" data-widget_type=\"heading.default\">\n\t\t\t\t<div class=\"elementor-widget-container\">\n\t\t\t\t\t<h1 class=\"elementor-heading-title elementor-size-default\">Impressum<\/h1>\t\t\t\t<\/div>\n\t\t\t\t<\/div>\n\t\t\t\t<\/div>\n\t\t\t\t<\/div>\n\t\t<div data-particle_enable=\"false\" data-particle-mobile-disabled=\"false\" class=\"elementor-element elementor-element-789935a e-flex e-con-boxed e-con e-parent\" data-id=\"789935a\" data-element_type=\"container\" data-e-type=\"container\">\n\t\t\t\t\t<div class=\"e-con-inner\">\n\t\t<div data-particle_enable=\"false\" data-particle-mobile-disabled=\"false\" class=\"elementor-element elementor-element-a6b7f16 e-flex e-con-boxed e-con e-child\" data-id=\"a6b7f16\" data-element_type=\"container\" data-e-type=\"container\" data-settings=\"{&quot;background_background&quot;:&quot;classic&quot;}\">\n\t\t\t\t\t<div class=\"e-con-inner\">\n\t\t<div data-particle_enable=\"false\" data-particle-mobile-disabled=\"false\" class=\"elementor-element elementor-element-2d32207 e-con-full e-flex e-con e-child\" data-id=\"2d32207\" data-element_type=\"container\" data-e-type=\"container\">\n\t\t\t\t<div class=\"elementor-element elementor-element-567221e elementor-widget elementor-widget-text-editor\" data-id=\"567221e\" data-element_type=\"widget\" data-e-type=\"widget\" data-widget_type=\"text-editor.default\">\n\t\t\t\t<div class=\"elementor-widget-container\">\n\t\t\t\t\t\t\t\t\t<p><strong>SR Travel International S.L.<\/strong> <br \/>Sociedad Comanditaria Simple<br \/>C\/Buenos Aires 8 \/ oficina 1B<br \/>35002 Las Palmas<br \/>Gran Canaria, Spain<\/p>\t\t\t\t\t\t\t\t<\/div>\n\t\t\t\t<\/div>\n\t\t\t\t<\/div>\n\t\t<div data-particle_enable=\"false\" data-particle-mobile-disabled=\"false\" class=\"elementor-element elementor-element-0db159a e-con-full e-flex e-con e-child\" data-id=\"0db159a\" data-element_type=\"container\" data-e-type=\"container\">\n\t\t\t\t<div class=\"elementor-element elementor-element-b28184b elementor-widget-tablet__width-initial elementor-widget-mobile__width-inherit elementor-icon-list--layout-traditional elementor-list-item-link-full_width elementor-widget elementor-widget-icon-list\" data-id=\"b28184b\" data-element_type=\"widget\" data-e-type=\"widget\" data-widget_type=\"icon-list.default\">\n\t\t\t\t<div class=\"elementor-widget-container\">\n\t\t\t\t\t\t\t<ul class=\"elementor-icon-list-items\">\n\t\t\t\t\t\t\t<li class=\"elementor-icon-list-item\">\n\t\t\t\t\t\t\t\t\t\t\t<a href=\"tel:+490641%2097259279\">\n\n\t\t\t\t\t\t\t\t\t\t\t\t<span class=\"elementor-icon-list-icon\">\n\t\t\t\t\t\t\t<svg aria-hidden=\"true\" class=\"e-font-icon-svg e-fas-phone-alt\" viewBox=\"0 0 512 512\" xmlns=\"http:\/\/www.w3.org\/2000\/svg\"><path d=\"M497.39 361.8l-112-48a24 24 0 0 0-28 6.9l-49.6 60.6A370.66 370.66 0 0 1 130.6 204.11l60.6-49.6a23.94 23.94 0 0 0 6.9-28l-48-112A24.16 24.16 0 0 0 122.6.61l-104 24A24 24 0 0 0 0 48c0 256.5 207.9 464 464 464a24 24 0 0 0 23.4-18.6l24-104a24.29 24.29 0 0 0-14.01-27.6z\"><\/path><\/svg>\t\t\t\t\t\t<\/span>\n\t\t\t\t\t\t\t\t\t\t<span class=\"elementor-icon-list-text\">+49 (0) 641 97259-279<\/span>\n\t\t\t\t\t\t\t\t\t\t\t<\/a>\n\t\t\t\t\t\t\t\t\t<\/li>\n\t\t\t\t\t\t\t\t<li class=\"elementor-icon-list-item\">\n\t\t\t\t\t\t\t\t\t\t\t<span class=\"elementor-icon-list-icon\">\n\t\t\t\t\t\t\t<svg aria-hidden=\"true\" class=\"e-font-icon-svg e-fas-fax\" viewBox=\"0 0 512 512\" xmlns=\"http:\/\/www.w3.org\/2000\/svg\"><path d=\"M480 160V77.25a32 32 0 0 0-9.38-22.63L425.37 9.37A32 32 0 0 0 402.75 0H160a32 32 0 0 0-32 32v448a32 32 0 0 0 32 32h320a32 32 0 0 0 32-32V192a32 32 0 0 0-32-32zM288 432a16 16 0 0 1-16 16h-32a16 16 0 0 1-16-16v-32a16 16 0 0 1 16-16h32a16 16 0 0 1 16 16zm0-128a16 16 0 0 1-16 16h-32a16 16 0 0 1-16-16v-32a16 16 0 0 1 16-16h32a16 16 0 0 1 16 16zm128 128a16 16 0 0 1-16 16h-32a16 16 0 0 1-16-16v-32a16 16 0 0 1 16-16h32a16 16 0 0 1 16 16zm0-128a16 16 0 0 1-16 16h-32a16 16 0 0 1-16-16v-32a16 16 0 0 1 16-16h32a16 16 0 0 1 16 16zm0-112H192V64h160v48a16 16 0 0 0 16 16h48zM64 128H32a32 32 0 0 0-32 32v320a32 32 0 0 0 32 32h32a32 32 0 0 0 32-32V160a32 32 0 0 0-32-32z\"><\/path><\/svg>\t\t\t\t\t\t<\/span>\n\t\t\t\t\t\t\t\t\t\t<span class=\"elementor-icon-list-text\">+49 (0) 641 97259-060<\/span>\n\t\t\t\t\t\t\t\t\t<\/li>\n\t\t\t\t\t\t\t\t<li class=\"elementor-icon-list-item\">\n\t\t\t\t\t\t\t\t\t\t\t<a href=\"mailto:contact@srt-international.es\">\n\n\t\t\t\t\t\t\t\t\t\t\t\t<span class=\"elementor-icon-list-icon\">\n\t\t\t\t\t\t\t<svg aria-hidden=\"true\" class=\"e-font-icon-svg e-fas-envelope\" viewBox=\"0 0 512 512\" xmlns=\"http:\/\/www.w3.org\/2000\/svg\"><path d=\"M502.3 190.8c3.9-3.1 9.7-.2 9.7 4.7V400c0 26.5-21.5 48-48 48H48c-26.5 0-48-21.5-48-48V195.6c0-5 5.7-7.8 9.7-4.7 22.4 17.4 52.1 39.5 154.1 113.6 21.1 15.4 56.7 47.8 92.2 47.6 35.7.3 72-32.8 92.3-47.6 102-74.1 131.6-96.3 154-113.7zM256 320c23.2.4 56.6-29.2 73.4-41.4 132.7-96.3 142.8-104.7 173.4-128.7 5.8-4.5 9.2-11.5 9.2-18.9v-19c0-26.5-21.5-48-48-48H48C21.5 64 0 85.5 0 112v19c0 7.4 3.4 14.3 9.2 18.9 30.6 23.9 40.7 32.4 173.4 128.7 16.8 12.2 50.2 41.8 73.4 41.4z\"><\/path><\/svg>\t\t\t\t\t\t<\/span>\n\t\t\t\t\t\t\t\t\t\t<span class=\"elementor-icon-list-text\">contact@srt-international.es<\/span>\n\t\t\t\t\t\t\t\t\t\t\t<\/a>\n\t\t\t\t\t\t\t\t\t<\/li>\n\t\t\t\t\t\t<\/ul>\n\t\t\t\t\t\t<\/div>\n\t\t\t\t<\/div>\n\t\t\t\t<\/div>\n\t\t\t\t\t<\/div>\n\t\t\t\t<\/div>\n\t\t\t\t\t<\/div>\n\t\t\t\t<\/div>\n\t\t<div data-particle_enable=\"false\" data-particle-mobile-disabled=\"false\" class=\"elementor-element elementor-element-f7422d1 e-flex e-con-boxed e-con e-parent\" data-id=\"f7422d1\" data-element_type=\"container\" data-e-type=\"container\">\n\t\t\t\t\t<div class=\"e-con-inner\">\n\t\t\t\t<div class=\"elementor-element elementor-element-acb82e9 elementor-widget elementor-widget-text-editor\" data-id=\"acb82e9\" data-element_type=\"widget\" data-e-type=\"widget\" data-widget_type=\"text-editor.default\">\n\t\t\t\t<div class=\"elementor-widget-container\">\n\t\t\t\t\t\t\t\t\t<p>Registereintragungen (Handelsregister): Registro Mercantil de Las Palmas de Gran Canaria<br \/>Registernummer: Tomo: 2285, Libro: 0, Folio: 97, Hoja: GC-59228, Incscrip.: 1<br \/>Steuernummer CIF: D09715202<br \/>vertreten durch Ihre Gesch\u00e4ftsf\u00fchrer\/in: Jeanette Chediak, Jakub Indyk<\/p><p class=\"p2\"><strong>HAFTUNGSAUSSCHLUSS<\/strong><\/p><p class=\"p2\"><strong>1. Inhalt des Onlineangebotes<\/strong><br \/>Der Autor \u00fcbernimmt keinerlei Gew\u00e4hr f\u00fcr die Aktualit\u00e4t, Korrektheit, Vollst\u00e4ndigkeit oder Qualit\u00e4t der bereitgestellten Informationen. Haftungsanspr\u00fcche gegen den Autor, welche sich auf Sch\u00e4den materieller oder ideeller Art beziehen, die durch die Nutzung oder Nichtnutzung der dargebotenen Informationen bzw. durch die Nutzung fehlerhafter und unvollst\u00e4ndiger Informationen verursacht wurden, sind grunds\u00e4tzlich ausgeschlossen, sofern seitens des Autors kein nachweislich vors\u00e4tzliches oder grob fahrl\u00e4ssiges Verschulden vorliegt. Alle Angebote sind freibleibend und unverbindlich. Der Autor beh\u00e4lt es sich ausdr\u00fccklich vor, Teile der Seiten oder das gesamte Angebot ohne gesonderte Ank\u00fcndigung zu ver\u00e4ndern, zu erg\u00e4nzen, zu l\u00f6schen oder die Ver\u00f6ffentlichung zeitweise oder endg\u00fcltig einzustellen.<\/p><p class=\"p2\"><strong>2. Verweise und Links<\/strong><br \/>Bei direkten oder indirekten Verweisen auf fremde Webseiten (\u00abHyperlinks\u00bb), die au\u00dferhalb des Verantwortungsbereiches des Autors liegen, w\u00fcrde eine Haftungsverpflichtung ausschlie\u00dflich in dem Fall in Kraft treten, in dem der Autor von den Inhalten Kenntnis hat und es ihm technisch m\u00f6glich und zumutbar w\u00e4re, die Nutzung im Falle rechtswidriger Inhalte zu verhindern. Der Autor erkl\u00e4rt hiermit ausdr\u00fccklich, dass zum Zeitpunkt der Linksetzung keine illegalen Inhalte auf den zu verlinkenden Seiten erkennbar waren. Auf die aktuelle und zuk\u00fcnftige Gestaltung, die Inhalte oder die Urheberschaft der verlinkten\/verkn\u00fcpften Seiten hat der Autor keinerlei Einfluss. Deshalb distanziert er sich hiermit ausdr\u00fccklich von allen Inhalten aller verlinkten \/verkn\u00fcpften Seiten, die nach der Linksetzung ver\u00e4ndert wurden. Diese Feststellung gilt f\u00fcr alle innerhalb des eigenen Internetangebotes gesetzten Links und Verweise sowie f\u00fcr Fremdeintr\u00e4ge in vom Autor eingerichteten G\u00e4steb\u00fcchern, Diskussionsforen, Linkverzeichnissen, Mailinglisten und in allen anderen Formen von Datenbanken, auf deren Inhalt externe Schreibzugriffe m\u00f6glich sind. F\u00fcr illegale, fehlerhafte oder unvollst\u00e4ndige Inhalte und insbesondere f\u00fcr Sch\u00e4den, die aus der Nutzung oder Nichtnutzung solcherart dargebotener Informationen entstehen, haftet allein der Anbieter der Seite, auf welche verwiesen wurde, nicht derjenige, der \u00fcber Links auf die jeweilige Ver\u00f6ffentlichung lediglich verweist.<\/p><p class=\"p2\"><strong>3. Urheber- und Kennzeichenrecht<\/strong><br \/>Der Autor ist bestrebt, in allen Publikationen die Urheberrechte der verwendeten Bilder, Grafiken, Tondokumente, Videosequenzen und Texte zu beachten, von ihm selbst erstellte Bilder, Grafiken, Tondokumente, Videosequenzen und Texte zu nutzen oder auf lizenzfreie Grafiken, Tondokumente, Videosequenzen und Texte zur\u00fcckzugreifen. Alle innerhalb des Internetangebotes genannten und ggf. durch Dritte gesch\u00fctzten Marken- und Warenzeichen unterliegen uneingeschr\u00e4nkt den Bestimmungen des jeweils g\u00fcltigen Kennzeichenrechts und den Besitzrechten der jeweiligen eingetragenen Eigent\u00fcmer. Allein aufgrund der blo\u00dfen Nennung ist nicht der Schluss zu ziehen, dass Markenzeichen nicht durch Rechte Dritter gesch\u00fctzt sind! Das Copyright f\u00fcr ver\u00f6ffentlichte, vom Autor selbst erstellte Objekte bleibt allein beim Autor der Seiten. Eine Vervielf\u00e4ltigung oder Verwendung solcher Grafiken, Tondokumente, Videosequenzen und Texte in anderen elektronischen oder gedruckten Publikationen ist ohne ausdr\u00fcckliche Zustimmung des Autors nicht gestattet.<\/p><p class=\"p2\"><strong>4. Hinweise zur Verbraucherstreitbeilegung<\/strong><br \/>Wir weisen im Hinblick auf das Gesetz \u00fcber Verbraucherstreitbeilegung darauf hin, dass wir nicht an einer freiwilligen Verbraucherstreitbeilegung teilnehmen. Sofern eine Verbraucherstreitbeilegung f\u00fcr uns verpflichtend w\u00fcrde, informieren wir Sie, unsere Kunden, hier\u00fcber in geeigneter Form.<\/p><p class=\"p2\"><strong>DATENSCHUTZBEAUFTRAGTER<\/strong><\/p><p class=\"p2\">SR Travel International S.L. Sociedad Comanditaria Simple<br \/>Kontakt:\u00a0<a href=\"mailto:datenschutz@srt-international.es\">datenschutz@srt-international.es<\/a><\/p>\t\t\t\t\t\t\t\t<\/div>\n\t\t\t\t<\/div>\n\t\t\t\t\t<\/div>\n\t\t\t\t<\/div>\n\t\t\t\t<\/div>\n\t\t","protected":false},"excerpt":{"rendered":"<p>Impressum SR Travel International S.L. Sociedad Comanditaria SimpleC\/Buenos Aires 8 \/ oficina 1B35002 Las PalmasGran Canaria, Spain +49 (0) 641 97259-279 +49 (0) 641 97259-060 contact@srt-international.es Registereintragungen (Handelsregister): Registro Mercantil de Las Palmas de Gran CanariaRegisternummer: Tomo: 2285, Libro: 0, Folio: 97, Hoja: GC-59228, Incscrip.: 1Steuernummer CIF: D09715202vertreten durch Ihre Gesch\u00e4ftsf\u00fchrer\/in: Jeanette Chediak, Jakub Indyk [&hellip;]<\/p>\n","protected":false},"author":1,"featured_media":0,"parent":0,"menu_order":0,"comment_status":"closed","ping_status":"closed","template":"","meta":{"_acf_changed":false,"_crdt_document":"","footnotes":""},"class_list":["post-74","page","type-page","status-publish","hentry"],"acf":[],"yoast_head":"<!-- This site is optimized with the Yoast SEO plugin v27.5 - https:\/\/yoast.com\/product\/yoast-seo-wordpress\/ -->\n<title>Impressum &#8211; SR Travel International<\/title>\n<meta name=\"robots\" content=\"index, follow, max-snippet:-1, max-image-preview:large, max-video-preview:-1\" \/>\n<link rel=\"canonical\" href=\"https:\/\/www.srt-international.es\/es\/impressum\/\" \/>\n<meta property=\"og:locale\" content=\"es_ES\" \/>\n<meta property=\"og:type\" content=\"article\" \/>\n<meta property=\"og:title\" content=\"Impressum &#8211; SR Travel International\" \/>\n<meta property=\"og:description\" content=\"Impressum SR Travel International S.L. Sociedad Comanditaria SimpleC\/Buenos Aires 8 \/ oficina 1B35002 Las PalmasGran Canaria, Spain +49 (0) 641 97259-279 +49 (0) 641 97259-060 contact@srt-international.es Registereintragungen (Handelsregister): Registro Mercantil de Las Palmas de Gran CanariaRegisternummer: Tomo: 2285, Libro: 0, Folio: 97, Hoja: GC-59228, Incscrip.: 1Steuernummer CIF: D09715202vertreten durch Ihre Gesch\u00e4ftsf\u00fchrer\/in: Jeanette Chediak, Jakub Indyk [&hellip;]\" \/>\n<meta property=\"og:url\" content=\"https:\/\/www.srt-international.es\/es\/impressum\/\" \/>\n<meta property=\"og:site_name\" content=\"SR Travel International\" \/>\n<meta property=\"article:modified_time\" content=\"2025-07-21T11:52:10+00:00\" \/>\n<meta property=\"og:image\" content=\"https:\/\/www.srt-international.es\/wp-content\/uploads\/2024\/04\/SRT-GI_02.jpg\" \/>\n\t<meta property=\"og:image:width\" content=\"1920\" \/>\n\t<meta property=\"og:image:height\" content=\"1484\" \/>\n\t<meta property=\"og:image:type\" content=\"image\/jpeg\" \/>\n<meta name=\"twitter:card\" content=\"summary_large_image\" \/>\n<meta name=\"twitter:label1\" content=\"Tiempo de lectura\" \/>\n\t<meta name=\"twitter:data1\" content=\"3 minutos\" \/>\n<script type=\"application\/ld+json\" class=\"yoast-schema-graph\">{\"@context\":\"https:\\\/\\\/schema.org\",\"@graph\":[{\"@type\":\"WebPage\",\"@id\":\"https:\\\/\\\/www.srt-international.es\\\/es\\\/impressum\\\/\",\"url\":\"https:\\\/\\\/www.srt-international.es\\\/es\\\/impressum\\\/\",\"name\":\"Impressum &#8211; SR Travel International\",\"isPartOf\":{\"@id\":\"https:\\\/\\\/www.srt-international.es\\\/es\\\/#website\"},\"datePublished\":\"2024-04-25T08:36:19+00:00\",\"dateModified\":\"2025-07-21T11:52:10+00:00\",\"breadcrumb\":{\"@id\":\"https:\\\/\\\/www.srt-international.es\\\/es\\\/impressum\\\/#breadcrumb\"},\"inLanguage\":\"es\",\"potentialAction\":[{\"@type\":\"ReadAction\",\"target\":[\"https:\\\/\\\/www.srt-international.es\\\/es\\\/impressum\\\/\"]}]},{\"@type\":\"BreadcrumbList\",\"@id\":\"https:\\\/\\\/www.srt-international.es\\\/es\\\/impressum\\\/#breadcrumb\",\"itemListElement\":[{\"@type\":\"ListItem\",\"position\":1,\"name\":\"Startseite\",\"item\":\"https:\\\/\\\/www.srt-international.es\\\/es\\\/\"},{\"@type\":\"ListItem\",\"position\":2,\"name\":\"Impressum\"}]},{\"@type\":\"WebSite\",\"@id\":\"https:\\\/\\\/www.srt-international.es\\\/es\\\/#website\",\"url\":\"https:\\\/\\\/www.srt-international.es\\\/es\\\/\",\"name\":\"SR Travel\",\"description\":\"Weil wir das Reisen lieben\",\"publisher\":{\"@id\":\"https:\\\/\\\/www.srt-international.es\\\/es\\\/#organization\"},\"potentialAction\":[{\"@type\":\"SearchAction\",\"target\":{\"@type\":\"EntryPoint\",\"urlTemplate\":\"https:\\\/\\\/www.srt-international.es\\\/es\\\/?s={search_term_string}\"},\"query-input\":{\"@type\":\"PropertyValueSpecification\",\"valueRequired\":true,\"valueName\":\"search_term_string\"}}],\"inLanguage\":\"es\"},{\"@type\":\"Organization\",\"@id\":\"https:\\\/\\\/www.srt-international.es\\\/es\\\/#organization\",\"name\":\"SR Travel\",\"url\":\"https:\\\/\\\/www.srt-international.es\\\/es\\\/\",\"logo\":{\"@type\":\"ImageObject\",\"inLanguage\":\"es\",\"@id\":\"https:\\\/\\\/www.srt-international.es\\\/es\\\/#\\\/schema\\\/logo\\\/image\\\/\",\"url\":\"https:\\\/\\\/www.srt-international.es\\\/wp-content\\\/uploads\\\/2024\\\/04\\\/SR_Travel_International_Logo_PNG.png\",\"contentUrl\":\"https:\\\/\\\/www.srt-international.es\\\/wp-content\\\/uploads\\\/2024\\\/04\\\/SR_Travel_International_Logo_PNG.png\",\"width\":374,\"height\":151,\"caption\":\"SR Travel\"},\"image\":{\"@id\":\"https:\\\/\\\/www.srt-international.es\\\/es\\\/#\\\/schema\\\/logo\\\/image\\\/\"}}]}<\/script>\n<!-- \/ Yoast SEO plugin. -->","yoast_head_json":{"title":"Impressum &#8211; SR Travel International","robots":{"index":"index","follow":"follow","max-snippet":"max-snippet:-1","max-image-preview":"max-image-preview:large","max-video-preview":"max-video-preview:-1"},"canonical":"https:\/\/www.srt-international.es\/es\/impressum\/","og_locale":"es_ES","og_type":"article","og_title":"Impressum &#8211; SR Travel International","og_description":"Impressum SR Travel International S.L. Sociedad Comanditaria SimpleC\/Buenos Aires 8 \/ oficina 1B35002 Las PalmasGran Canaria, Spain +49 (0) 641 97259-279 +49 (0) 641 97259-060 contact@srt-international.es Registereintragungen (Handelsregister): Registro Mercantil de Las Palmas de Gran CanariaRegisternummer: Tomo: 2285, Libro: 0, Folio: 97, Hoja: GC-59228, Incscrip.: 1Steuernummer CIF: D09715202vertreten durch Ihre Gesch\u00e4ftsf\u00fchrer\/in: Jeanette Chediak, Jakub Indyk [&hellip;]","og_url":"https:\/\/www.srt-international.es\/es\/impressum\/","og_site_name":"SR Travel International","article_modified_time":"2025-07-21T11:52:10+00:00","og_image":[{"width":1920,"height":1484,"url":"https:\/\/www.srt-international.es\/wp-content\/uploads\/2024\/04\/SRT-GI_02.jpg","type":"image\/jpeg"}],"twitter_card":"summary_large_image","twitter_misc":{"Tiempo de lectura":"3 minutos"},"schema":{"@context":"https:\/\/schema.org","@graph":[{"@type":"WebPage","@id":"https:\/\/www.srt-international.es\/es\/impressum\/","url":"https:\/\/www.srt-international.es\/es\/impressum\/","name":"Impressum &#8211; SR Travel International","isPartOf":{"@id":"https:\/\/www.srt-international.es\/es\/#website"},"datePublished":"2024-04-25T08:36:19+00:00","dateModified":"2025-07-21T11:52:10+00:00","breadcrumb":{"@id":"https:\/\/www.srt-international.es\/es\/impressum\/#breadcrumb"},"inLanguage":"es","potentialAction":[{"@type":"ReadAction","target":["https:\/\/www.srt-international.es\/es\/impressum\/"]}]},{"@type":"BreadcrumbList","@id":"https:\/\/www.srt-international.es\/es\/impressum\/#breadcrumb","itemListElement":[{"@type":"ListItem","position":1,"name":"Startseite","item":"https:\/\/www.srt-international.es\/es\/"},{"@type":"ListItem","position":2,"name":"Impressum"}]},{"@type":"WebSite","@id":"https:\/\/www.srt-international.es\/es\/#website","url":"https:\/\/www.srt-international.es\/es\/","name":"SR Travel","description":"Weil wir das Reisen lieben","publisher":{"@id":"https:\/\/www.srt-international.es\/es\/#organization"},"potentialAction":[{"@type":"SearchAction","target":{"@type":"EntryPoint","urlTemplate":"https:\/\/www.srt-international.es\/es\/?s={search_term_string}"},"query-input":{"@type":"PropertyValueSpecification","valueRequired":true,"valueName":"search_term_string"}}],"inLanguage":"es"},{"@type":"Organization","@id":"https:\/\/www.srt-international.es\/es\/#organization","name":"SR Travel","url":"https:\/\/www.srt-international.es\/es\/","logo":{"@type":"ImageObject","inLanguage":"es","@id":"https:\/\/www.srt-international.es\/es\/#\/schema\/logo\/image\/","url":"https:\/\/www.srt-international.es\/wp-content\/uploads\/2024\/04\/SR_Travel_International_Logo_PNG.png","contentUrl":"https:\/\/www.srt-international.es\/wp-content\/uploads\/2024\/04\/SR_Travel_International_Logo_PNG.png","width":374,"height":151,"caption":"SR Travel"},"image":{"@id":"https:\/\/www.srt-international.es\/es\/#\/schema\/logo\/image\/"}}]}},"_links":{"self":[{"href":"https:\/\/www.srt-international.es\/es\/wp-json\/wp\/v2\/pages\/74","targetHints":{"allow":["GET"]}}],"collection":[{"href":"https:\/\/www.srt-international.es\/es\/wp-json\/wp\/v2\/pages"}],"about":[{"href":"https:\/\/www.srt-international.es\/es\/wp-json\/wp\/v2\/types\/page"}],"author":[{"embeddable":true,"href":"https:\/\/www.srt-international.es\/es\/wp-json\/wp\/v2\/users\/1"}],"replies":[{"embeddable":true,"href":"https:\/\/www.srt-international.es\/es\/wp-json\/wp\/v2\/comments?post=74"}],"version-history":[{"count":9,"href":"https:\/\/www.srt-international.es\/es\/wp-json\/wp\/v2\/pages\/74\/revisions"}],"predecessor-version":[{"id":6784,"href":"https:\/\/www.srt-international.es\/es\/wp-json\/wp\/v2\/pages\/74\/revisions\/6784"}],"wp:attachment":[{"href":"https:\/\/www.srt-international.es\/es\/wp-json\/wp\/v2\/media?parent=74"}],"curies":[{"name":"wp","href":"https:\/\/api.w.org\/{rel}","templated":true}]}}