{"id":5134,"date":"2024-04-25T09:15:32","date_gmt":"2024-04-25T07:15:32","guid":{"rendered":"http:\/\/sr-travel.kroenung-web.de\/buscar\/contacto\/"},"modified":"2024-11-19T16:23:56","modified_gmt":"2024-11-19T15:23:56","slug":"contacto","status":"publish","type":"page","link":"https:\/\/www.srt-international.es\/es\/buscar\/contacto\/","title":{"rendered":"Contacto"},"content":{"rendered":"\t\t<div data-elementor-type=\"wp-page\" data-elementor-id=\"5134\" class=\"elementor elementor-5134 elementor-34\" data-elementor-post-type=\"page\">\n\t\t\t\t<div data-particle_enable=\"false\" data-particle-mobile-disabled=\"false\" class=\"elementor-element elementor-element-c58f654 e-con-full e-flex e-con e-parent\" data-id=\"c58f654\" data-element_type=\"container\" data-e-type=\"container\" data-settings=\"{&quot;background_background&quot;:&quot;classic&quot;}\">\n\t\t<div data-particle_enable=\"false\" data-particle-mobile-disabled=\"false\" class=\"elementor-element elementor-element-b507509 e-con-full e-flex e-con e-child\" data-id=\"b507509\" data-element_type=\"container\" data-e-type=\"container\">\n\t\t\t\t<div class=\"elementor-element elementor-element-b944c72 elementor-widget elementor-widget-heading\" data-id=\"b944c72\" data-element_type=\"widget\" data-e-type=\"widget\" data-widget_type=\"heading.default\">\n\t\t\t\t<div class=\"elementor-widget-container\">\n\t\t\t\t\t<h2 class=\"elementor-heading-title elementor-size-default\">\u00a1Ponte <br>en contacto!<\/h2>\t\t\t\t<\/div>\n\t\t\t\t<\/div>\n\t\t\t\t<\/div>\n\t\t\t\t<\/div>\n\t\t<div data-particle_enable=\"false\" data-particle-mobile-disabled=\"false\" class=\"elementor-element elementor-element-8584998 e-flex e-con-boxed e-con e-parent\" data-id=\"8584998\" data-element_type=\"container\" data-e-type=\"container\">\n\t\t\t\t\t<div class=\"e-con-inner\">\n\t\t<div data-particle_enable=\"false\" data-particle-mobile-disabled=\"false\" class=\"elementor-element elementor-element-6dc1816 e-con-full e-flex e-con e-child\" data-id=\"6dc1816\" data-element_type=\"container\" data-e-type=\"container\" data-settings=\"{&quot;background_background&quot;:&quot;classic&quot;}\">\n\t\t\t\t<div class=\"elementor-element elementor-element-1d409c4 elementor-widget-tablet__width-initial elementor-widget-mobile__width-inherit elementor-widget elementor-widget-text-editor\" data-id=\"1d409c4\" data-element_type=\"widget\" data-e-type=\"widget\" data-widget_type=\"text-editor.default\">\n\t\t\t\t<div class=\"elementor-widget-container\">\n\t\t\t\t\t\t\t\t\t<p><strong>SR Travel International S.L.<\/strong><br \/>Sociedad Comanditaria Simple<br \/>C\/ Buenos Aires 8 | oficina 1B<br \/>35002 Las Palmas de GC<br \/>Gran Canaria | Spain<\/p>\n\t\t\t\t\t\t\t\t<\/div>\n\t\t\t\t<\/div>\n\t\t\t\t<div class=\"elementor-element elementor-element-58b7d68 elementor-widget-tablet__width-initial elementor-widget-mobile__width-inherit elementor-icon-list--layout-traditional elementor-list-item-link-full_width elementor-widget elementor-widget-icon-list\" data-id=\"58b7d68\" data-element_type=\"widget\" data-e-type=\"widget\" data-widget_type=\"icon-list.default\">\n\t\t\t\t<div class=\"elementor-widget-container\">\n\t\t\t\t\t\t\t<ul class=\"elementor-icon-list-items\">\n\t\t\t\t\t\t\t<li class=\"elementor-icon-list-item\">\n\t\t\t\t\t\t\t\t\t\t\t<a href=\"tel:+34928315238\">\n\n\t\t\t\t\t\t\t\t\t\t\t\t<span class=\"elementor-icon-list-icon\">\n\t\t\t\t\t\t\t<svg aria-hidden=\"true\" class=\"e-font-icon-svg e-fas-phone-alt\" viewBox=\"0 0 512 512\" xmlns=\"http:\/\/www.w3.org\/2000\/svg\"><path d=\"M497.39 361.8l-112-48a24 24 0 0 0-28 6.9l-49.6 60.6A370.66 370.66 0 0 1 130.6 204.11l60.6-49.6a23.94 23.94 0 0 0 6.9-28l-48-112A24.16 24.16 0 0 0 122.6.61l-104 24A24 24 0 0 0 0 48c0 256.5 207.9 464 464 464a24 24 0 0 0 23.4-18.6l24-104a24.29 24.29 0 0 0-14.01-27.6z\"><\/path><\/svg>\t\t\t\t\t\t<\/span>\n\t\t\t\t\t\t\t\t\t\t<span class=\"elementor-icon-list-text\">(ES) +34 928 315 238<\/span>\n\t\t\t\t\t\t\t\t\t\t\t<\/a>\n\t\t\t\t\t\t\t\t\t<\/li>\n\t\t\t\t\t\t\t\t<li class=\"elementor-icon-list-item\">\n\t\t\t\t\t\t\t\t\t\t\t<a href=\"http:\/\/+4964197259279\">\n\n\t\t\t\t\t\t\t\t\t\t\t\t<span class=\"elementor-icon-list-icon\">\n\t\t\t\t\t\t\t<svg aria-hidden=\"true\" class=\"e-font-icon-svg e-fas-phone-alt\" viewBox=\"0 0 512 512\" xmlns=\"http:\/\/www.w3.org\/2000\/svg\"><path d=\"M497.39 361.8l-112-48a24 24 0 0 0-28 6.9l-49.6 60.6A370.66 370.66 0 0 1 130.6 204.11l60.6-49.6a23.94 23.94 0 0 0 6.9-28l-48-112A24.16 24.16 0 0 0 122.6.61l-104 24A24 24 0 0 0 0 48c0 256.5 207.9 464 464 464a24 24 0 0 0 23.4-18.6l24-104a24.29 24.29 0 0 0-14.01-27.6z\"><\/path><\/svg>\t\t\t\t\t\t<\/span>\n\t\t\t\t\t\t\t\t\t\t<span class=\"elementor-icon-list-text\">(DE) +49 641 972 59-279<\/span>\n\t\t\t\t\t\t\t\t\t\t\t<\/a>\n\t\t\t\t\t\t\t\t\t<\/li>\n\t\t\t\t\t\t\t\t<li class=\"elementor-icon-list-item\">\n\t\t\t\t\t\t\t\t\t\t\t<a href=\"mailto:contact@srt-international.es\">\n\n\t\t\t\t\t\t\t\t\t\t\t\t<span class=\"elementor-icon-list-icon\">\n\t\t\t\t\t\t\t<svg aria-hidden=\"true\" class=\"e-font-icon-svg e-fas-envelope\" viewBox=\"0 0 512 512\" xmlns=\"http:\/\/www.w3.org\/2000\/svg\"><path d=\"M502.3 190.8c3.9-3.1 9.7-.2 9.7 4.7V400c0 26.5-21.5 48-48 48H48c-26.5 0-48-21.5-48-48V195.6c0-5 5.7-7.8 9.7-4.7 22.4 17.4 52.1 39.5 154.1 113.6 21.1 15.4 56.7 47.8 92.2 47.6 35.7.3 72-32.8 92.3-47.6 102-74.1 131.6-96.3 154-113.7zM256 320c23.2.4 56.6-29.2 73.4-41.4 132.7-96.3 142.8-104.7 173.4-128.7 5.8-4.5 9.2-11.5 9.2-18.9v-19c0-26.5-21.5-48-48-48H48C21.5 64 0 85.5 0 112v19c0 7.4 3.4 14.3 9.2 18.9 30.6 23.9 40.7 32.4 173.4 128.7 16.8 12.2 50.2 41.8 73.4 41.4z\"><\/path><\/svg>\t\t\t\t\t\t<\/span>\n\t\t\t\t\t\t\t\t\t\t<span class=\"elementor-icon-list-text\">contact@srt-international.es<\/span>\n\t\t\t\t\t\t\t\t\t\t\t<\/a>\n\t\t\t\t\t\t\t\t\t<\/li>\n\t\t\t\t\t\t<\/ul>\n\t\t\t\t\t\t<\/div>\n\t\t\t\t<\/div>\n\t\t\t\t<\/div>\n\t\t<div data-particle_enable=\"false\" data-particle-mobile-disabled=\"false\" class=\"elementor-element elementor-element-2b0d379 e-con-full e-flex e-con e-child\" data-id=\"2b0d379\" data-element_type=\"container\" data-e-type=\"container\">\n\t\t\t\t<div class=\"elementor-element elementor-element-0c97894 elementor-widget elementor-widget-text-editor\" data-id=\"0c97894\" data-element_type=\"widget\" data-e-type=\"widget\" data-widget_type=\"text-editor.default\">\n\t\t\t\t<div class=\"elementor-widget-container\">\n\t\t\t\t\t\t\t\t\t<p>\u00bfTiene alguna pregunta o desea obtener m\u00e1s informaci\u00f3n? Estaremos encantados de hacerle una oferta individual o apoyarle en proyectos actuales. Env\u00edanos un correo electr\u00f3nico o ll\u00e1manos y nuestro equipo estar\u00e1 encantado de atender tus inquietudes.  <\/p>\n\t\t\t\t\t\t\t\t<\/div>\n\t\t\t\t<\/div>\n\t\t\t\t<div class=\"elementor-element elementor-element-bbb778c elementor-button-align-start elementor-widget elementor-widget-form\" data-id=\"bbb778c\" data-element_type=\"widget\" data-e-type=\"widget\" data-settings=\"{&quot;step_next_label&quot;:&quot;Siguiente&quot;,&quot;step_previous_label&quot;:&quot;Anterior&quot;,&quot;button_width&quot;:&quot;100&quot;,&quot;step_type&quot;:&quot;number_text&quot;,&quot;step_icon_shape&quot;:&quot;circle&quot;}\" data-widget_type=\"form.default\">\n\t\t\t\t<div class=\"elementor-widget-container\">\n\t\t\t\t\t\t\t<form class=\"elementor-form\" method=\"post\" name=\"Nueva forma\" aria-label=\"Nueva forma\" novalidate=\"\">\n\t\t\t<input type=\"hidden\" name=\"post_id\" value=\"5134\"\/>\n\t\t\t<input type=\"hidden\" name=\"form_id\" value=\"bbb778c\"\/>\n\t\t\t<input type=\"hidden\" name=\"referer_title\" value=\"SR Travel International\" \/>\n\n\t\t\t\n\t\t\t<div class=\"elementor-form-fields-wrapper elementor-labels-above\">\n\t\t\t\t\t\t\t\t<div class=\"elementor-field-type-select elementor-field-group elementor-column elementor-field-group-name elementor-col-20 elementor-field-required elementor-mark-required\">\n\t\t\t\t\t\t\t\t\t\t\t\t<label for=\"form-field-name\" class=\"elementor-field-label\">\n\t\t\t\t\t\t\t\tT\u00edtulo\t\t\t\t\t\t\t<\/label>\n\t\t\t\t\t\t\t\t<div class=\"elementor-field elementor-select-wrapper remove-before \">\n\t\t\t<div class=\"select-caret-down-wrapper\">\n\t\t\t\t<svg aria-hidden=\"true\" class=\"e-font-icon-svg e-eicon-caret-down\" viewBox=\"0 0 571.4 571.4\" xmlns=\"http:\/\/www.w3.org\/2000\/svg\"><path d=\"M571 393Q571 407 561 418L311 668Q300 679 286 679T261 668L11 418Q0 407 0 393T11 368 36 357H536Q550 357 561 368T571 393Z\"><\/path><\/svg>\t\t\t<\/div>\n\t\t\t<select name=\"form_fields[name]\" id=\"form-field-name\" class=\"elementor-field-textual elementor-size-md\" required=\"required\">\n\t\t\t\t\t\t\t\t\t<option value=\"Sra.\">Sra.<\/option>\n\t\t\t\t\t\t\t\t\t<option value=\"Sr.\">Sr.<\/option>\n\t\t\t\t\t\t\t\t\t<option value=\"No binario\">No binario<\/option>\n\t\t\t\t\t\t\t<\/select>\n\t\t<\/div>\n\t\t\t\t\t\t<\/div>\n\t\t\t\t\t\t\t\t<div class=\"elementor-field-type-text elementor-field-group elementor-column elementor-field-group-field_6786251 elementor-col-40 elementor-field-required elementor-mark-required\">\n\t\t\t\t\t\t\t\t\t\t\t\t<label for=\"form-field-field_6786251\" class=\"elementor-field-label\">\n\t\t\t\t\t\t\t\tNombre\t\t\t\t\t\t\t<\/label>\n\t\t\t\t\t\t\t\t\t\t\t\t\t\t<input size=\"1\" type=\"text\" name=\"form_fields[field_6786251]\" id=\"form-field-field_6786251\" class=\"elementor-field elementor-size-md  elementor-field-textual\" placeholder=\"Nombre\" required=\"required\">\n\t\t\t\t\t\t\t\t\t\t\t<\/div>\n\t\t\t\t\t\t\t\t<div class=\"elementor-field-type-text elementor-field-group elementor-column elementor-field-group-field_d9ce5de elementor-col-40 elementor-field-required elementor-mark-required\">\n\t\t\t\t\t\t\t\t\t\t\t\t<label for=\"form-field-field_d9ce5de\" class=\"elementor-field-label\">\n\t\t\t\t\t\t\t\tApellidos\t\t\t\t\t\t\t<\/label>\n\t\t\t\t\t\t\t\t\t\t\t\t\t\t<input size=\"1\" type=\"text\" name=\"form_fields[field_d9ce5de]\" id=\"form-field-field_d9ce5de\" class=\"elementor-field elementor-size-md  elementor-field-textual\" placeholder=\"Apellidos\" required=\"required\">\n\t\t\t\t\t\t\t\t\t\t\t<\/div>\n\t\t\t\t\t\t\t\t<div class=\"elementor-field-type-email elementor-field-group elementor-column elementor-field-group-email elementor-col-50 elementor-field-required elementor-mark-required\">\n\t\t\t\t\t\t\t\t\t\t\t\t<label for=\"form-field-email\" class=\"elementor-field-label\">\n\t\t\t\t\t\t\t\tE-Mail\t\t\t\t\t\t\t<\/label>\n\t\t\t\t\t\t\t\t\t\t\t\t\t\t<input size=\"1\" type=\"email\" name=\"form_fields[email]\" id=\"form-field-email\" class=\"elementor-field elementor-size-md  elementor-field-textual\" placeholder=\"E-Mail\" required=\"required\">\n\t\t\t\t\t\t\t\t\t\t\t<\/div>\n\t\t\t\t\t\t\t\t<div class=\"elementor-field-type-tel elementor-field-group elementor-column elementor-field-group-field_c06acea elementor-col-50\">\n\t\t\t\t\t\t\t\t\t\t\t\t<label for=\"form-field-field_c06acea\" class=\"elementor-field-label\">\n\t\t\t\t\t\t\t\tTel\u00e9fono\t\t\t\t\t\t\t<\/label>\n\t\t\t\t\t\t\t\t<input size=\"1\" type=\"tel\" name=\"form_fields[field_c06acea]\" id=\"form-field-field_c06acea\" class=\"elementor-field elementor-size-md  elementor-field-textual\" placeholder=\"Tel\u00e9fono\" pattern=\"[0-9()#&amp;+*-=.]+\" title=\"Solo se aceptan n\u00fameros y caracteres de tel\u00e9fono (#,-,*,etc).\">\n\n\t\t\t\t\t\t<\/div>\n\t\t\t\t\t\t\t\t<div class=\"elementor-field-type-textarea elementor-field-group elementor-column elementor-field-group-field_cf1ffc9 elementor-col-100 elementor-field-required elementor-mark-required\">\n\t\t\t\t\t\t\t\t\t\t\t\t<label for=\"form-field-field_cf1ffc9\" class=\"elementor-field-label\">\n\t\t\t\t\t\t\t\tTu petici\u00f3n\t\t\t\t\t\t\t<\/label>\n\t\t\t\t\t\t<textarea class=\"elementor-field-textual elementor-field  elementor-size-md\" name=\"form_fields[field_cf1ffc9]\" id=\"form-field-field_cf1ffc9\" rows=\"4\" placeholder=\"Tu petici\u00f3n\" required=\"required\"><\/textarea>\t\t\t\t<\/div>\n\t\t\t\t\t\t\t\t<div class=\"elementor-field-type-checkbox elementor-field-group elementor-column elementor-field-group-field_6c97f95 elementor-col-100\">\n\t\t\t\t\t\t\t\t\t\t\t\t<label for=\"form-field-field_6c97f95\" class=\"elementor-field-label\">\n\t\t\t\t\t\t\t\tCat\u00e1logo de viajes 2024\/25\t\t\t\t\t\t\t<\/label>\n\t\t\t\t\t\t<div class=\"elementor-field-subgroup  \"><span class=\"elementor-field-option\"><input type=\"checkbox\" value=\"&lt;font style=&quot;font-size:18px&quot;&gt;S\u00ed, env\u00edenme el \u00faltimo cat\u00e1logo de viajes.\" id=\"form-field-field_6c97f95-0\" name=\"form_fields[field_6c97f95]\"> <label for=\"form-field-field_6c97f95-0\"><font style=\"font-size:18px\">S\u00ed, env\u00edenme el \u00faltimo cat\u00e1logo de viajes.<\/label><\/span><\/div>\t\t\t\t<\/div>\n\t\t\t\t\t\t\t\t<div class=\"elementor-field-type-acceptance elementor-field-group elementor-column elementor-field-group-field_03015ef elementor-col-100 elementor-field-required elementor-mark-required\">\n\t\t\t\t\t\t\t\t\t\t\t\t<label for=\"form-field-field_03015ef\" class=\"elementor-field-label\">\n\t\t\t\t\t\t\t\tRGPD\t\t\t\t\t\t\t<\/label>\n\t\t\t\t\t\t\t\t<div class=\"elementor-field-subgroup\">\n\t\t\t<span class=\"elementor-field-option\">\n\t\t\t\t<input type=\"checkbox\" name=\"form_fields[field_03015ef]\" id=\"form-field-field_03015ef\" class=\"elementor-field elementor-size-md  elementor-acceptance-field\" required=\"required\">\n\t\t\t\t<label for=\"form-field-field_03015ef\"><font style=\"font-size:18px\">Acepto que mis datos del formulario de contacto sean recogidos y tratados para responder a mi consulta y para obtener m\u00e1s informaci\u00f3n con fines publicitarios. Los datos se conservar\u00e1n hasta que yo solicite la cancelaci\u00f3n. <\/label>\t\t\t<\/span>\n\t\t<\/div>\n\t\t\t\t\t\t<\/div>\n\t\t\t\t\t\t\t\t<div class=\"elementor-field-type-html elementor-field-group elementor-column elementor-field-group-field_e6d5969 elementor-col-100\">\n\t\t\t\t\t<b>Nota<\/b>: Puede revocar su consentimiento en cualquier momento para el futuro enviando un correo electr\u00f3nico a <a href=\"mailto:privacy@srt-international.es\">privacy@srt-international.es<\/a>. Encontrar\u00e1 informaci\u00f3n detallada sobre el tratamiento de los datos de los usuarios en nuestra <a href=\"https:\/\/www.srt-international.es\/datenschutz\">pol\u00edtica de privacidad<\/a>.\t\t\t\t<\/div>\n\t\t\t\t\t\t\t\t<div class=\"elementor-field-group elementor-column elementor-field-type-submit elementor-col-100 e-form__buttons\">\n\t\t\t\t\t<button class=\"elementor-button elementor-size-md\" type=\"submit\">\n\t\t\t\t\t\t<span class=\"elementor-button-content-wrapper\">\n\t\t\t\t\t\t\t\t\t\t\t\t\t\t\t\t\t\t\t\t\t\t<span class=\"elementor-button-text\">Enviar solicitud<\/span>\n\t\t\t\t\t\t\t\t\t\t\t\t\t<\/span>\n\t\t\t\t\t<\/button>\n\t\t\t\t<\/div>\n\t\t\t<\/div>\n\t\t<\/form>\n\t\t\t\t\t\t<\/div>\n\t\t\t\t<\/div>\n\t\t\t\t<\/div>\n\t\t\t\t\t<\/div>\n\t\t\t\t<\/div>\n\t\t\t\t<\/div>\n\t\t","protected":false},"excerpt":{"rendered":"<p>\u00a1Ponte en contacto! SR Travel International S.L.Sociedad Comanditaria SimpleC\/ Buenos Aires 8 | oficina 1B35002 Las Palmas de GCGran Canaria | Spain (ES) +34 928 315 238 (DE) +49 641 972 59-279 contact@srt-international.es \u00bfTiene alguna pregunta o desea obtener m\u00e1s informaci\u00f3n? Estaremos encantados de hacerle una oferta individual o apoyarle en proyectos actuales. Env\u00edanos un [&hellip;]<\/p>\n","protected":false},"author":1,"featured_media":0,"parent":5093,"menu_order":0,"comment_status":"closed","ping_status":"closed","template":"","meta":{"_acf_changed":false,"_crdt_document":"","footnotes":""},"class_list":["post-5134","page","type-page","status-publish","hentry"],"acf":[],"yoast_head":"<!-- This site is optimized with the Yoast SEO plugin v27.4 - https:\/\/yoast.com\/product\/yoast-seo-wordpress\/ -->\n<title>Contacto &#8211; SR Travel International<\/title>\n<meta name=\"robots\" content=\"index, follow, max-snippet:-1, max-image-preview:large, max-video-preview:-1\" \/>\n<link rel=\"canonical\" href=\"https:\/\/www.srt-international.es\/es\/buscar\/contacto\/\" \/>\n<meta property=\"og:locale\" content=\"es_ES\" \/>\n<meta property=\"og:type\" content=\"article\" \/>\n<meta property=\"og:title\" content=\"Contacto &#8211; SR Travel International\" \/>\n<meta property=\"og:description\" content=\"\u00a1Ponte en contacto! SR Travel International S.L.Sociedad Comanditaria SimpleC\/ Buenos Aires 8 | oficina 1B35002 Las Palmas de GCGran Canaria | Spain (ES) +34 928 315 238 (DE) +49 641 972 59-279 contact@srt-international.es \u00bfTiene alguna pregunta o desea obtener m\u00e1s informaci\u00f3n? Estaremos encantados de hacerle una oferta individual o apoyarle en proyectos actuales. Env\u00edanos un [&hellip;]\" \/>\n<meta property=\"og:url\" content=\"https:\/\/www.srt-international.es\/es\/buscar\/contacto\/\" \/>\n<meta property=\"og:site_name\" content=\"SR Travel International\" \/>\n<meta property=\"article:modified_time\" content=\"2024-11-19T15:23:56+00:00\" \/>\n<meta property=\"og:image\" content=\"https:\/\/www.srt-international.es\/wp-content\/uploads\/2024\/04\/SRT-GI_02.jpg\" \/>\n\t<meta property=\"og:image:width\" content=\"1920\" \/>\n\t<meta property=\"og:image:height\" content=\"1484\" \/>\n\t<meta property=\"og:image:type\" content=\"image\/jpeg\" \/>\n<meta name=\"twitter:card\" content=\"summary_large_image\" \/>\n<script type=\"application\/ld+json\" class=\"yoast-schema-graph\">{\"@context\":\"https:\\\/\\\/schema.org\",\"@graph\":[{\"@type\":\"WebPage\",\"@id\":\"https:\\\/\\\/www.srt-international.es\\\/es\\\/buscar\\\/contacto\\\/\",\"url\":\"https:\\\/\\\/www.srt-international.es\\\/es\\\/buscar\\\/contacto\\\/\",\"name\":\"Contacto &#8211; SR Travel International\",\"isPartOf\":{\"@id\":\"https:\\\/\\\/www.srt-international.es\\\/es\\\/#website\"},\"datePublished\":\"2024-04-25T07:15:32+00:00\",\"dateModified\":\"2024-11-19T15:23:56+00:00\",\"breadcrumb\":{\"@id\":\"https:\\\/\\\/www.srt-international.es\\\/es\\\/buscar\\\/contacto\\\/#breadcrumb\"},\"inLanguage\":\"es\",\"potentialAction\":[{\"@type\":\"ReadAction\",\"target\":[\"https:\\\/\\\/www.srt-international.es\\\/es\\\/buscar\\\/contacto\\\/\"]}]},{\"@type\":\"BreadcrumbList\",\"@id\":\"https:\\\/\\\/www.srt-international.es\\\/es\\\/buscar\\\/contacto\\\/#breadcrumb\",\"itemListElement\":[{\"@type\":\"ListItem\",\"position\":1,\"name\":\"Startseite\",\"item\":\"https:\\\/\\\/www.srt-international.es\\\/es\\\/\"},{\"@type\":\"ListItem\",\"position\":2,\"name\":\"Nuestra Empresa\",\"item\":\"https:\\\/\\\/www.srt-international.es\\\/es\\\/unternehmen\\\/\"},{\"@type\":\"ListItem\",\"position\":3,\"name\":\"Contacto\"}]},{\"@type\":\"WebSite\",\"@id\":\"https:\\\/\\\/www.srt-international.es\\\/es\\\/#website\",\"url\":\"https:\\\/\\\/www.srt-international.es\\\/es\\\/\",\"name\":\"SR Travel\",\"description\":\"Weil wir das Reisen lieben\",\"publisher\":{\"@id\":\"https:\\\/\\\/www.srt-international.es\\\/es\\\/#organization\"},\"potentialAction\":[{\"@type\":\"SearchAction\",\"target\":{\"@type\":\"EntryPoint\",\"urlTemplate\":\"https:\\\/\\\/www.srt-international.es\\\/es\\\/?s={search_term_string}\"},\"query-input\":{\"@type\":\"PropertyValueSpecification\",\"valueRequired\":true,\"valueName\":\"search_term_string\"}}],\"inLanguage\":\"es\"},{\"@type\":\"Organization\",\"@id\":\"https:\\\/\\\/www.srt-international.es\\\/es\\\/#organization\",\"name\":\"SR Travel\",\"url\":\"https:\\\/\\\/www.srt-international.es\\\/es\\\/\",\"logo\":{\"@type\":\"ImageObject\",\"inLanguage\":\"es\",\"@id\":\"https:\\\/\\\/www.srt-international.es\\\/es\\\/#\\\/schema\\\/logo\\\/image\\\/\",\"url\":\"https:\\\/\\\/www.srt-international.es\\\/wp-content\\\/uploads\\\/2024\\\/04\\\/SR_Travel_International_Logo_PNG.png\",\"contentUrl\":\"https:\\\/\\\/www.srt-international.es\\\/wp-content\\\/uploads\\\/2024\\\/04\\\/SR_Travel_International_Logo_PNG.png\",\"width\":374,\"height\":151,\"caption\":\"SR Travel\"},\"image\":{\"@id\":\"https:\\\/\\\/www.srt-international.es\\\/es\\\/#\\\/schema\\\/logo\\\/image\\\/\"}}]}<\/script>\n<!-- \/ Yoast SEO plugin. -->","yoast_head_json":{"title":"Contacto &#8211; SR Travel International","robots":{"index":"index","follow":"follow","max-snippet":"max-snippet:-1","max-image-preview":"max-image-preview:large","max-video-preview":"max-video-preview:-1"},"canonical":"https:\/\/www.srt-international.es\/es\/buscar\/contacto\/","og_locale":"es_ES","og_type":"article","og_title":"Contacto &#8211; SR Travel International","og_description":"\u00a1Ponte en contacto! SR Travel International S.L.Sociedad Comanditaria SimpleC\/ Buenos Aires 8 | oficina 1B35002 Las Palmas de GCGran Canaria | Spain (ES) +34 928 315 238 (DE) +49 641 972 59-279 contact@srt-international.es \u00bfTiene alguna pregunta o desea obtener m\u00e1s informaci\u00f3n? Estaremos encantados de hacerle una oferta individual o apoyarle en proyectos actuales. Env\u00edanos un [&hellip;]","og_url":"https:\/\/www.srt-international.es\/es\/buscar\/contacto\/","og_site_name":"SR Travel International","article_modified_time":"2024-11-19T15:23:56+00:00","og_image":[{"width":1920,"height":1484,"url":"https:\/\/www.srt-international.es\/wp-content\/uploads\/2024\/04\/SRT-GI_02.jpg","type":"image\/jpeg"}],"twitter_card":"summary_large_image","schema":{"@context":"https:\/\/schema.org","@graph":[{"@type":"WebPage","@id":"https:\/\/www.srt-international.es\/es\/buscar\/contacto\/","url":"https:\/\/www.srt-international.es\/es\/buscar\/contacto\/","name":"Contacto &#8211; SR Travel International","isPartOf":{"@id":"https:\/\/www.srt-international.es\/es\/#website"},"datePublished":"2024-04-25T07:15:32+00:00","dateModified":"2024-11-19T15:23:56+00:00","breadcrumb":{"@id":"https:\/\/www.srt-international.es\/es\/buscar\/contacto\/#breadcrumb"},"inLanguage":"es","potentialAction":[{"@type":"ReadAction","target":["https:\/\/www.srt-international.es\/es\/buscar\/contacto\/"]}]},{"@type":"BreadcrumbList","@id":"https:\/\/www.srt-international.es\/es\/buscar\/contacto\/#breadcrumb","itemListElement":[{"@type":"ListItem","position":1,"name":"Startseite","item":"https:\/\/www.srt-international.es\/es\/"},{"@type":"ListItem","position":2,"name":"Nuestra Empresa","item":"https:\/\/www.srt-international.es\/es\/unternehmen\/"},{"@type":"ListItem","position":3,"name":"Contacto"}]},{"@type":"WebSite","@id":"https:\/\/www.srt-international.es\/es\/#website","url":"https:\/\/www.srt-international.es\/es\/","name":"SR Travel","description":"Weil wir das Reisen lieben","publisher":{"@id":"https:\/\/www.srt-international.es\/es\/#organization"},"potentialAction":[{"@type":"SearchAction","target":{"@type":"EntryPoint","urlTemplate":"https:\/\/www.srt-international.es\/es\/?s={search_term_string}"},"query-input":{"@type":"PropertyValueSpecification","valueRequired":true,"valueName":"search_term_string"}}],"inLanguage":"es"},{"@type":"Organization","@id":"https:\/\/www.srt-international.es\/es\/#organization","name":"SR Travel","url":"https:\/\/www.srt-international.es\/es\/","logo":{"@type":"ImageObject","inLanguage":"es","@id":"https:\/\/www.srt-international.es\/es\/#\/schema\/logo\/image\/","url":"https:\/\/www.srt-international.es\/wp-content\/uploads\/2024\/04\/SR_Travel_International_Logo_PNG.png","contentUrl":"https:\/\/www.srt-international.es\/wp-content\/uploads\/2024\/04\/SR_Travel_International_Logo_PNG.png","width":374,"height":151,"caption":"SR Travel"},"image":{"@id":"https:\/\/www.srt-international.es\/es\/#\/schema\/logo\/image\/"}}]}},"_links":{"self":[{"href":"https:\/\/www.srt-international.es\/es\/wp-json\/wp\/v2\/pages\/5134","targetHints":{"allow":["GET"]}}],"collection":[{"href":"https:\/\/www.srt-international.es\/es\/wp-json\/wp\/v2\/pages"}],"about":[{"href":"https:\/\/www.srt-international.es\/es\/wp-json\/wp\/v2\/types\/page"}],"author":[{"embeddable":true,"href":"https:\/\/www.srt-international.es\/es\/wp-json\/wp\/v2\/users\/1"}],"replies":[{"embeddable":true,"href":"https:\/\/www.srt-international.es\/es\/wp-json\/wp\/v2\/comments?post=5134"}],"version-history":[{"count":0,"href":"https:\/\/www.srt-international.es\/es\/wp-json\/wp\/v2\/pages\/5134\/revisions"}],"up":[{"embeddable":true,"href":"https:\/\/www.srt-international.es\/es\/wp-json\/wp\/v2\/pages\/5093"}],"wp:attachment":[{"href":"https:\/\/www.srt-international.es\/es\/wp-json\/wp\/v2\/media?parent=5134"}],"curies":[{"name":"wp","href":"https:\/\/api.w.org\/{rel}","templated":true}]}}